{"id":14562,"date":"2024-06-19T12:13:07","date_gmt":"2024-06-19T10:13:07","guid":{"rendered":"https:\/\/xenesy.com\/?page_id=14562"},"modified":"2025-01-01T11:29:16","modified_gmt":"2025-01-01T10:29:16","slug":"navigation","status":"publish","type":"page","link":"https:\/\/xenesy.com\/vi\/navigation\/","title":{"rendered":"NAVIGATION"},"content":{"rendered":"<div data-elementor-type=\"wp-page\" data-elementor-id=\"14562\" class=\"elementor elementor-14562\" data-elementor-post-type=\"page\">\n\t\t\t\t\t\t<section class=\"elementor-section elementor-top-section elementor-element elementor-element-1b7ec89 elementor-section-full_width elementor-reverse-mobile elementor-section-height-default elementor-section-height-default\" data-id=\"1b7ec89\" data-element_type=\"section\" data-e-type=\"section\">\n\t\t\t\t\t\t<div class=\"elementor-container elementor-column-gap-default\">\n\t\t\t\t\t<div class=\"elementor-column elementor-col-50 elementor-top-column elementor-element elementor-element-2e722bc\" data-id=\"2e722bc\" data-element_type=\"column\" data-e-type=\"column\">\n\t\t\t<div class=\"elementor-widget-wrap elementor-element-populated\">\n\t\t\t\t\t\t<div class=\"elementor-element elementor-element-d85af5d elementor-widget-divider--view-line_icon elementor-view-default elementor-widget-divider--element-align-center elementor-widget elementor-widget-divider\" data-id=\"d85af5d\" data-element_type=\"widget\" data-e-type=\"widget\" data-widget_type=\"divider.default\">\n\t\t\t\t<div class=\"elementor-widget-container\">\n\t\t\t\t\t\t\t<div class=\"elementor-divider\">\n\t\t\t<span class=\"elementor-divider-separator\">\n\t\t\t\t\t\t\t<div class=\"elementor-icon elementor-divider__element\">\n\t\t\t\t\t<svg xmlns=\"http:\/\/www.w3.org\/2000\/svg\" id=\"Calque_1\" data-name=\"Calque 1\" viewbox=\"0 0 2000 2000\"><defs><style>      .cls-1 {        fill: #a79354;        stroke-width: 0px;      }    <\/style><\/defs><path class=\"cls-1\" d=\"m1150.91,444.63c90.44,17.93,179.17,44.23,263.4,82.92,43.9,20.17,85.11,46.4,126.72,71.25,23.82,14.23,30.93,37.52,32.66,64.93,6.26,99.17-25.67,190.38-55.69,282.14-2.08,6.37-4.51,12.62-6.66,18.97-.17.5.57,1.31,1.22,2.68,77.32-85.37,108.96-186.81,106.16-300.79,2.66-.91,5.32-1.82,7.99-2.73,24.26,38.55,50.38,76.09,72.13,116.01,14.18,26.02,23.78,54.99,31.84,83.65,3.32,11.82,1.37,29.03-5.27,39.12-54.55,82.86-113.73,162.02-193.82,222.81-2.29,1.74-3.97,4.28-4.89,7.86,96.87-30.89,174.51-90.51,246.4-170.17-11.08,78.63-24.51,148.86-47.75,217.76-16.66,49.39-45.42,79.91-95.41,92.61-71.56,18.19-142.84,37.47-209.62,55.06,68.29,19.65,142.29,13.81,216.52-8.85-101.7,106.25-209.03,203.25-359.89,231.32-68.69,12.78-137.26,7.17-204.3-12.53-7.98-2.34-18.88-10.11-19.86-16.64-1.01-6.77,6.77-17.24,13.52-22.42,64.73-49.67,131.58-96.68,194.77-148.2,61.74-50.33,117.01-107.75,156.85-177.81,33.45-58.83,50.86-120.87,20.36-186.04-11.16-23.85-29.28-44.77-46.1-65.52-12.82-15.82-18.51-31.79-6.95-49.1,47.22-70.68,38.99-142.45,1.8-212.55-50.07-94.36-231.45-213.55-236.13-215.75Z\"><\/path><path class=\"cls-1\" d=\"m366.03,1318.55c73.2,24.53,146.86,29.3,227.56,6.49-94.03-12.08-179.53-31.74-261.17-66.87-19.85-8.54-32.64-21.02-41.49-40.83-30.81-69-47.74-141.53-58.32-215.88-1.46-10.29-3.08-20.55-5.71-37.99,71.7,78.28,148.94,138.43,247.41,168.07-4.84-4.57-9.55-9.28-14.55-13.67-5.62-4.94-11.51-9.58-17.28-14.35-68.42-56.64-119.01-128.36-167.84-201.24-6.77-10.1-8.42-27.84-4.96-39.91,21.05-73.53,57.3-139.25,111.13-200.64-1.17,115.87,27.92,218.34,108.97,307.53-12.58-39.51-24.36-74.01-34.53-108.97-19.93-68.49-35.59-137.46-27.04-209.93,2.42-20.51,10.18-36.51,26.26-47.2,32.29-21.48,64.32-44.06,98.93-61.2,92.66-45.9,191.06-76.11,286.5-99.99-38.14,26.55-81.91,52.37-120.18,84.7-64.53,54.52-114.87,120.07-132.92,205.51-10.08,47.74-1.82,92.25,23.85,133.64,15.41,24.84,13.96,38.63-6.15,59.62-61.04,63.74-73.78,133.32-38.7,214.57,25.37,58.76,65.41,107.15,109.76,152.29,77.09,78.47,165.67,142.61,255.41,205.38,7.86,5.5,15.77,16.76,15.87,25.43.06,5.51-13.5,13.95-22.26,16.39-162.9,45.42-306.05,2.56-434.06-100.87-44.7-36.12-85.98-76.45-128.83-114.86,1.44-1.74,2.88-3.48,4.32-5.22Z\"><\/path><path class=\"cls-1\" d=\"m630.94,930.51c3.44,87.81,49.16,146.4,103.05,200.21,23.85,23.81,49.09,46.29,74.51,68.45,35.42,30.87,71.59,60.86,103.1,87.55,4.63-29.41,11.76-71.91,17.49-114.61.75-5.6-4.66-13.1-9.05-18.11-10.41-11.88-21.92-22.79-29.64-37.79,12.13,4.03,24.25,8.06,36.38,12.1-29.54-32-43.01-68.56-45.93-113.62,15.73,16.89,28.66,31.95,42.86,45.72,22.94,22.26,48.59,35.22,82.92,29.67,35.52-5.75,68.45,2.05,93.22,31.88,4.41,5.31,12.05,9.27,18.92,10.95,26,6.35,40.02,24.16,49.6,48.01-14.49-1.2-28.21-3.37-41.91-3.26-26.67.22-41.45,11.49-43.59,38.16-2.48,30.8-.58,61.96,2.96,93.33,38.43-59.67,95.03-97.86,144.77-142.83,51.4-46.47,101.04-94.35,123.41-162.5,7.13-21.72,10.53-44.66,15.54-66.58,35.71,22.77,60.87,86.86,53.62,132.8-10.22,64.73-43.98,117-84.74,165.59-81.2,96.81-181.75,171.56-282.72,245.72-6.63,4.87-13.38,9.59-20.04,14.43q-36.67,26.63-72.41,1.28c-99.55-71.07-196.68-145.01-278.72-236.69-39.17-43.76-74.19-90.36-94.49-146.23-20.8-57.26-17.74-111.83,20.89-161.53,4.85-6.23,10.6-11.76,20.01-22.09Z\"><\/path><\/svg><\/div>\n\t\t\t\t\t\t<\/span>\n\t\t<\/div>\n\t\t\t\t\t\t<\/div>\n\t\t\t\t<\/div>\n\t\t\t\t<div class=\"elementor-element elementor-element-a74882a elementor-widget elementor-widget-heading\" data-id=\"a74882a\" data-element_type=\"widget\" data-e-type=\"widget\" data-widget_type=\"heading.default\">\n\t\t\t\t<div class=\"elementor-widget-container\">\n\t\t\t\t\t<h3 class=\"elementor-heading-title elementor-size-default\">centre de formation en ligne<\/h3>\t\t\t\t<\/div>\n\t\t\t\t<\/div>\n\t\t\t\t<div class=\"elementor-element elementor-element-e332053 elementor-widget elementor-widget-heading\" data-id=\"e332053\" data-element_type=\"widget\" data-e-type=\"widget\" data-widget_type=\"heading.default\">\n\t\t\t\t<div class=\"elementor-widget-container\">\n\t\t\t\t\t<h1 class=\"elementor-heading-title elementor-size-default\">XENESY<\/h1>\t\t\t\t<\/div>\n\t\t\t\t<\/div>\n\t\t\t\t<div class=\"elementor-element elementor-element-06de288 elementor-align-justify elementor-widget elementor-widget-button\" data-id=\"06de288\" data-element_type=\"widget\" data-e-type=\"widget\" data-widget_type=\"button.default\">\n\t\t\t\t<div class=\"elementor-widget-container\">\n\t\t\t\t\t\t\t\t\t<div class=\"elementor-button-wrapper\">\n\t\t\t\t\t<a class=\"elementor-button elementor-button-link elementor-size-sm\" href=\"http:\/\/www.xenesyproject.com\" rel=\"nofollow noopener\" target=\"_blank\">\n\t\t\t\t\t\t<span class=\"elementor-button-content-wrapper\">\n\t\t\t\t\t\t\t\t\t<span class=\"elementor-button-text\">espace de formation gratuit<\/span>\n\t\t\t\t\t<\/span>\n\t\t\t\t\t<\/a>\n\t\t\t\t<\/div>\n\t\t\t\t\t\t\t\t<\/div>\n\t\t\t\t<\/div>\n\t\t\t\t<div class=\"elementor-element elementor-element-e783480 elementor-hidden-desktop elementor-hidden-tablet elementor-hidden-mobile elementor-widget elementor-widget-heading\" data-id=\"e783480\" data-element_type=\"widget\" data-e-type=\"widget\" data-widget_type=\"heading.default\">\n\t\t\t\t<div class=\"elementor-widget-container\">\n\t\t\t\t\t<span class=\"elementor-heading-title elementor-size-default\">XENESY<\/span>\t\t\t\t<\/div>\n\t\t\t\t<\/div>\n\t\t\t\t<div class=\"elementor-element elementor-element-9f9ea6f elementor-align-justify elementor-widget elementor-widget-button\" data-id=\"9f9ea6f\" data-element_type=\"widget\" data-e-type=\"widget\" data-widget_type=\"button.default\">\n\t\t\t\t<div class=\"elementor-widget-container\">\n\t\t\t\t\t\t\t\t\t<div class=\"elementor-button-wrapper\">\n\t\t\t\t\t<a class=\"elementor-button elementor-button-link elementor-size-sm\" href=\"https:\/\/formationtradingforex.com\/formation-ultime-trading\/\" rel=\"nofollow noopener\" target=\"_blank\">\n\t\t\t\t\t\t<span class=\"elementor-button-content-wrapper\">\n\t\t\t\t\t\t\t\t\t<span class=\"elementor-button-text\">Formation Ultime trading<\/span>\n\t\t\t\t\t<\/span>\n\t\t\t\t\t<\/a>\n\t\t\t\t<\/div>\n\t\t\t\t\t\t\t\t<\/div>\n\t\t\t\t<\/div>\n\t\t\t\t<div class=\"elementor-element elementor-element-f8b3bde elementor-align-justify elementor-widget elementor-widget-button\" data-id=\"f8b3bde\" data-element_type=\"widget\" data-e-type=\"widget\" data-widget_type=\"button.default\">\n\t\t\t\t<div class=\"elementor-widget-container\">\n\t\t\t\t\t\t\t\t\t<div class=\"elementor-button-wrapper\">\n\t\t\t\t\t<a class=\"elementor-button elementor-button-link elementor-size-sm\" href=\"https:\/\/formationtradingforex.com\/formation-initiation-trading\/\" rel=\"nofollow noopener\" target=\"_blank\">\n\t\t\t\t\t\t<span class=\"elementor-button-content-wrapper\">\n\t\t\t\t\t\t\t\t\t<span class=\"elementor-button-text\">Formation initiation trading<\/span>\n\t\t\t\t\t<\/span>\n\t\t\t\t\t<\/a>\n\t\t\t\t<\/div>\n\t\t\t\t\t\t\t\t<\/div>\n\t\t\t\t<\/div>\n\t\t\t\t<div class=\"elementor-element elementor-element-a78593b elementor-align-justify elementor-widget elementor-widget-button\" data-id=\"a78593b\" data-element_type=\"widget\" data-e-type=\"widget\" data-widget_type=\"button.default\">\n\t\t\t\t<div class=\"elementor-widget-container\">\n\t\t\t\t\t\t\t\t\t<div class=\"elementor-button-wrapper\">\n\t\t\t\t\t<a class=\"elementor-button elementor-button-link elementor-size-sm\" href=\"https:\/\/formationtradingforex.com\/formation-trading-ichimoku\/\" rel=\"nofollow noopener\" target=\"_blank\">\n\t\t\t\t\t\t<span class=\"elementor-button-content-wrapper\">\n\t\t\t\t\t\t\t\t\t<span class=\"elementor-button-text\">Formation Ichimoku<\/span>\n\t\t\t\t\t<\/span>\n\t\t\t\t\t<\/a>\n\t\t\t\t<\/div>\n\t\t\t\t\t\t\t\t<\/div>\n\t\t\t\t<\/div>\n\t\t\t\t<div class=\"elementor-element elementor-element-fa7e400 elementor-align-justify elementor-widget elementor-widget-button\" data-id=\"fa7e400\" data-element_type=\"widget\" data-e-type=\"widget\" data-widget_type=\"button.default\">\n\t\t\t\t<div class=\"elementor-widget-container\">\n\t\t\t\t\t\t\t\t\t<div class=\"elementor-button-wrapper\">\n\t\t\t\t\t<a class=\"elementor-button elementor-button-link elementor-size-sm\" href=\"https:\/\/xenesy.com\/vi\/programme-devolution-personnelle\/\">\n\t\t\t\t\t\t<span class=\"elementor-button-content-wrapper\">\n\t\t\t\t\t\t\t\t\t<span class=\"elementor-button-text\">PROGRAMME D'\u00c9VOLUTION PERSONNELLE<\/span>\n\t\t\t\t\t<\/span>\n\t\t\t\t\t<\/a>\n\t\t\t\t<\/div>\n\t\t\t\t\t\t\t\t<\/div>\n\t\t\t\t<\/div>\n\t\t\t\t<div class=\"elementor-element elementor-element-aac1f52 elementor-align-justify elementor-widget elementor-widget-button\" data-id=\"aac1f52\" data-element_type=\"widget\" data-e-type=\"widget\" data-widget_type=\"button.default\">\n\t\t\t\t<div class=\"elementor-widget-container\">\n\t\t\t\t\t\t\t\t\t<div class=\"elementor-button-wrapper\">\n\t\t\t\t\t<a class=\"elementor-button elementor-button-link elementor-size-sm\" href=\"https:\/\/xenesy.com\/vi\/challenge-30-days-intelligence-mentale\/\">\n\t\t\t\t\t\t<span class=\"elementor-button-content-wrapper\">\n\t\t\t\t\t\t\t\t\t<span class=\"elementor-button-text\">Challenge 30-days Intelligence MENTALE<\/span>\n\t\t\t\t\t<\/span>\n\t\t\t\t\t<\/a>\n\t\t\t\t<\/div>\n\t\t\t\t\t\t\t\t<\/div>\n\t\t\t\t<\/div>\n\t\t\t\t<div class=\"elementor-element elementor-element-5070727 elementor-align-justify elementor-widget elementor-widget-button\" data-id=\"5070727\" data-element_type=\"widget\" data-e-type=\"widget\" data-widget_type=\"button.default\">\n\t\t\t\t<div class=\"elementor-widget-container\">\n\t\t\t\t\t\t\t\t\t<div class=\"elementor-button-wrapper\">\n\t\t\t\t\t<a class=\"elementor-button elementor-button-link elementor-size-sm\" href=\"https:\/\/xenesy.com\/vi\/challenge-10-days-organisation\/\">\n\t\t\t\t\t\t<span class=\"elementor-button-content-wrapper\">\n\t\t\t\t\t\t\t\t\t<span class=\"elementor-button-text\">Challenge 10-days Organisation<\/span>\n\t\t\t\t\t<\/span>\n\t\t\t\t\t<\/a>\n\t\t\t\t<\/div>\n\t\t\t\t\t\t\t\t<\/div>\n\t\t\t\t<\/div>\n\t\t\t\t<div class=\"elementor-element elementor-element-80bc071 elementor-hidden-desktop elementor-hidden-tablet elementor-hidden-mobile elementor-widget elementor-widget-heading\" data-id=\"80bc071\" data-element_type=\"widget\" data-e-type=\"widget\" data-widget_type=\"heading.default\">\n\t\t\t\t<div class=\"elementor-widget-container\">\n\t\t\t\t\t<span class=\"elementor-heading-title elementor-size-default\">XENESY<\/span>\t\t\t\t<\/div>\n\t\t\t\t<\/div>\n\t\t\t\t<div class=\"elementor-element elementor-element-4c4e579 elementor-align-justify elementor-widget elementor-widget-button\" data-id=\"4c4e579\" data-element_type=\"widget\" data-e-type=\"widget\" data-widget_type=\"button.default\">\n\t\t\t\t<div class=\"elementor-widget-container\">\n\t\t\t\t\t\t\t\t\t<div class=\"elementor-button-wrapper\">\n\t\t\t\t\t<a class=\"elementor-button elementor-button-link elementor-size-sm\" href=\"https:\/\/xenesy.trafft.com\/\" rel=\"nofollow noopener\" target=\"_blank\">\n\t\t\t\t\t\t<span class=\"elementor-button-content-wrapper\">\n\t\t\t\t\t\t\t\t\t<span class=\"elementor-button-text\">Rendez-vous &amp; consultation<\/span>\n\t\t\t\t\t<\/span>\n\t\t\t\t\t<\/a>\n\t\t\t\t<\/div>\n\t\t\t\t\t\t\t\t<\/div>\n\t\t\t\t<\/div>\n\t\t\t\t<div class=\"elementor-element elementor-element-3a548f1 elementor-hidden-desktop elementor-hidden-tablet elementor-hidden-mobile elementor-widget elementor-widget-heading\" data-id=\"3a548f1\" data-element_type=\"widget\" data-e-type=\"widget\" data-widget_type=\"heading.default\">\n\t\t\t\t<div class=\"elementor-widget-container\">\n\t\t\t\t\t<span class=\"elementor-heading-title elementor-size-default\">XENESY<\/span>\t\t\t\t<\/div>\n\t\t\t\t<\/div>\n\t\t\t\t<div class=\"elementor-element elementor-element-76c5120 elementor-shape-rounded elementor-grid-0 e-grid-align-center elementor-widget elementor-widget-social-icons\" data-id=\"76c5120\" data-element_type=\"widget\" data-e-type=\"widget\" data-widget_type=\"social-icons.default\">\n\t\t\t\t<div class=\"elementor-widget-container\">\n\t\t\t\t\t\t\t<div class=\"elementor-social-icons-wrapper elementor-grid\" role=\"list\">\n\t\t\t\t\t\t\t<span class=\"elementor-grid-item\" role=\"listitem\">\n\t\t\t\t\t<a class=\"elementor-icon elementor-social-icon elementor-social-icon-instagram elementor-repeater-item-8ea79a8\" href=\"https:\/\/www.instagram.com\/xenesy_project\" target=\"_blank\" rel=\"nofollow noopener\">\n\t\t\t\t\t\t<span class=\"elementor-screen-only\">Instagram<\/span>\n\t\t\t\t\t\t<i aria-hidden=\"true\" class=\"fab fa-instagram\"><\/i>\t\t\t\t\t<\/a>\n\t\t\t\t<\/span>\n\t\t\t\t\t\t\t<span class=\"elementor-grid-item\" role=\"listitem\">\n\t\t\t\t\t<a class=\"elementor-icon elementor-social-icon elementor-social-icon-linkedin elementor-repeater-item-3dc551d\" href=\"https:\/\/www.linkedin.com\/company\/xenesy-ltd\/posts\/\" target=\"_blank\" rel=\"nofollow noopener\">\n\t\t\t\t\t\t<span class=\"elementor-screen-only\">Linkedin<\/span>\n\t\t\t\t\t\t<i aria-hidden=\"true\" class=\"fab fa-linkedin\"><\/i>\t\t\t\t\t<\/a>\n\t\t\t\t<\/span>\n\t\t\t\t\t\t\t<span class=\"elementor-grid-item\" role=\"listitem\">\n\t\t\t\t\t<a class=\"elementor-icon elementor-social-icon elementor-social-icon- elementor-repeater-item-dc8a98d\" href=\"https:\/\/www.tiktok.com\/@xenesyltd\" target=\"_blank\" rel=\"nofollow noopener\">\n\t\t\t\t\t\t<span class=\"elementor-screen-only\"><\/span>\n\t\t\t\t\t\t\t\t\t\t\t<\/a>\n\t\t\t\t<\/span>\n\t\t\t\t\t<\/div>\n\t\t\t\t\t\t<\/div>\n\t\t\t\t<\/div>\n\t\t\t\t<div class=\"elementor-element elementor-element-7bba1e0 elementor-widget elementor-widget-text-editor\" data-id=\"7bba1e0\" data-element_type=\"widget\" data-e-type=\"widget\" data-widget_type=\"text-editor.default\">\n\t\t\t\t<div class=\"elementor-widget-container\">\n\t\t\t\t\t\t\t\t\t<p><a href=\"https:\/\/formationtradingforex.com\/blog\/\" rel=\"nofollow noopener\" target=\"_blank\">\u2b95 Challenge 7-days Trading \u2b05<\/a><\/p>\t\t\t\t\t\t\t\t<\/div>\n\t\t\t\t<\/div>\n\t\t\t\t<div class=\"elementor-element elementor-element-4a51780 elementor-hidden-desktop elementor-hidden-tablet elementor-hidden-mobile elementor-widget elementor-widget-text-editor\" data-id=\"4a51780\" data-element_type=\"widget\" data-e-type=\"widget\" data-widget_type=\"text-editor.default\">\n\t\t\t\t<div class=\"elementor-widget-container\">\n\t\t\t\t\t\t\t\t\t<p>XENESY<\/p><p>D\u00e9couvrez le seul et unique centre de formation en ligne enti\u00e8rement gratuit, pour atteindre vos objectifs et r\u00e9aliser vos projets rapidement : d\u00e9veloppez votre avenir et augmentez vos capacit\u00e9s gr\u00e2ce \u00e0 nos m\u00e9thodes d\u2019apprentissage !<\/p><p>Gestion Financi\u00e8re<br \/>Enjeux Professionnels<br \/>Sant\u00e9 &amp; Psychologie<br \/>Sport &amp; Bien \u00eatre<br \/>D\u00e9veloppement Personnel<\/p><h6>NAVIGATION<\/h6><p>Nous avons cr\u00e9\u00e9 ce centre de formation pour toute personne d\u00e9sireuse d\u2019am\u00e9liorer son quotidien, sa carri\u00e8re professionnelle, ses finances, ses relations sociales et son physique. Ou simplement par curiosit\u00e9 de d\u00e9couvrir de nouvelles perspectives.<\/p><p>Choisissez vos th\u00e9matiques<br \/>en relation avec vos probl\u00e9matiques personnelles<\/p><p>R\u00e9solvez vos probl\u00e9matiques<br \/>Et atteignez vos objectifs de vie<\/p><p>D\u00e9veloppez votre discipline<br \/>et votre intelligence en gagnant en assurance<\/p><p>P\u00e9dagogie en libre acc\u00e8s<br \/>De nombreuses ressources t\u00e9l\u00e9chargeables \u00e0 l&rsquo;infini..<br \/>Une approche humaine<br \/>Contactez, proposez, demandez ce que vous voulez<br \/>3 m\u00e9thodes d&rsquo;apprentissage<br \/>\u00c9coute, lecture ou visionnage ?<br \/>Partout et tout le temps<br \/>Accessible sur tous vos appareils !<\/p><p>la plateforme et nos ressources, podcasts, vid\u00e9os, mini formations et conf\u00e9rences sont GRATUITE. Tu y trouveras aussi nos prestations personnalis\u00e9 et formation sp\u00e9cifique qui eux sont payants.<\/p><p>Tout le reste est \u00e0 ta disposition avec des mises \u00e0 jours gratuites<\/p><p>tu as la possibilit\u00e9 via un formulaire de contact de nous \u00e9voqu\u00e9 une probl\u00e9matique sp\u00e9cifique avec nous puissions la trait\u00e9 via podcasts, vid\u00e9os, ou un sujet de mini formation. Tu seras avertis dans les 24h apr\u00e8s ta demande de la faisabilit\u00e9 de celle-ci.<\/p><p>le centre de formation et ses ressources sont et resterons gratuite. Cependant, si un jour la plateforme devient payante sache que toute personne qui se sont inscrites durant sa gratuit\u00e9, garderons ce privil\u00e8ge !<\/p><p>tout achat de formations et t\u00e9l\u00e9chargements pass\u00e9 chez Xenesy est accessible directement dans votre espace personnel.<\/p><p>Si, il y a un lien cass\u00e9, ou une ressource indisponible tu peux nous en faire part via le formulaire de contact ou par mail \u00e0 : contact@xenesy.com<\/p><p>Nous nous engageons \u00e0 r\u00e9gler le probl\u00e8me dans les 24H<\/p><p>NAVIGATION<\/p>\t\t\t\t\t\t\t\t<\/div>\n\t\t\t\t<\/div>\n\t\t\t\t\t<\/div>\n\t\t<\/div>\n\t\t\t\t<div class=\"elementor-column elementor-col-50 elementor-top-column elementor-element elementor-element-62413cb\" data-id=\"62413cb\" data-element_type=\"column\" data-e-type=\"column\" data-settings=\"{&quot;background_background&quot;:&quot;classic&quot;}\">\n\t\t\t<div class=\"elementor-widget-wrap elementor-element-populated\">\n\t\t\t\t\t\t<div class=\"elementor-element elementor-element-75b294b elementor-widget elementor-widget-spacer\" data-id=\"75b294b\" data-element_type=\"widget\" data-e-type=\"widget\" data-widget_type=\"spacer.default\">\n\t\t\t\t<div class=\"elementor-widget-container\">\n\t\t\t\t\t\t\t<div class=\"elementor-spacer\">\n\t\t\t<div class=\"elementor-spacer-inner\"><\/div>\n\t\t<\/div>\n\t\t\t\t\t\t<\/div>\n\t\t\t\t<\/div>\n\t\t\t\t\t<\/div>\n\t\t<\/div>\n\t\t\t\t\t<\/div>\n\t\t<\/section>\n\t\t\t\t<section class=\"elementor-section elementor-top-section elementor-element elementor-element-dd6ed6b elementor-section-boxed elementor-section-height-default elementor-section-height-default\" data-id=\"dd6ed6b\" data-element_type=\"section\" data-e-type=\"section\" data-settings=\"{&quot;background_background&quot;:&quot;classic&quot;}\">\n\t\t\t\t\t\t<div class=\"elementor-container elementor-column-gap-default\">\n\t\t\t\t\t<div class=\"elementor-column elementor-col-100 elementor-top-column elementor-element elementor-element-8a5cc37\" data-id=\"8a5cc37\" data-element_type=\"column\" data-e-type=\"column\">\n\t\t\t<div class=\"elementor-widget-wrap elementor-element-populated\">\n\t\t\t\t\t\t<div class=\"elementor-element elementor-element-03014aa elementor-widget elementor-widget-text-editor\" data-id=\"03014aa\" data-element_type=\"widget\" data-e-type=\"widget\" data-widget_type=\"text-editor.default\">\n\t\t\t\t<div class=\"elementor-widget-container\">\n\t\t\t\t\t\t\t\t\t<p>\u00a9 2020 &#8211; 2024 XENESY LTD &#8211; Tous droits r\u00e9serv\u00e9s<\/p>\t\t\t\t\t\t\t\t<\/div>\n\t\t\t\t<\/div>\n\t\t\t\t\t<\/div>\n\t\t<\/div>\n\t\t\t\t\t<\/div>\n\t\t<\/section>\n\t\t\t\t<\/div>","protected":false},"excerpt":{"rendered":"<p>centre de formation en ligne XENESY espace de formation gratuit XENESY Formation Ultime trading Formation initiation trading Formation Ichimoku PROGRAMME D&rsquo;\u00c9VOLUTION PERSONNELLE Challenge 30-days Intelligence MENTALE Challenge 10-days Organisation XENESY Rendez-vous &#038; consultation XENESY Instagram Linkedin \u2b95 Challenge 7-days Trading \u2b05 XENESY D\u00e9couvrez le seul et unique centre de formation en ligne enti\u00e8rement gratuit, pour [&hellip;]<\/p>","protected":false},"author":1,"featured_media":14566,"parent":0,"menu_order":0,"comment_status":"closed","ping_status":"closed","template":"elementor_canvas","meta":{"footnotes":""},"class_list":["post-14562","page","type-page","status-publish","has-post-thumbnail","hentry"],"_links":{"self":[{"href":"https:\/\/xenesy.com\/vi\/wp-json\/wp\/v2\/pages\/14562","targetHints":{"allow":["GET"]}}],"collection":[{"href":"https:\/\/xenesy.com\/vi\/wp-json\/wp\/v2\/pages"}],"about":[{"href":"https:\/\/xenesy.com\/vi\/wp-json\/wp\/v2\/types\/page"}],"author":[{"embeddable":true,"href":"https:\/\/xenesy.com\/vi\/wp-json\/wp\/v2\/users\/1"}],"replies":[{"embeddable":true,"href":"https:\/\/xenesy.com\/vi\/wp-json\/wp\/v2\/comments?post=14562"}],"version-history":[{"count":0,"href":"https:\/\/xenesy.com\/vi\/wp-json\/wp\/v2\/pages\/14562\/revisions"}],"wp:featuredmedia":[{"embeddable":true,"href":"https:\/\/xenesy.com\/vi\/wp-json\/wp\/v2\/media\/14566"}],"wp:attachment":[{"href":"https:\/\/xenesy.com\/vi\/wp-json\/wp\/v2\/media?parent=14562"}],"curies":[{"name":"wp","href":"https:\/\/api.w.org\/{rel}","templated":true}]}}