{"id":17999,"date":"2025-04-16T16:13:58","date_gmt":"2025-04-16T14:13:58","guid":{"rendered":"https:\/\/xenesy.com\/?page_id=17999"},"modified":"2025-04-16T16:18:07","modified_gmt":"2025-04-16T14:18:07","slug":"disclaimer","status":"publish","type":"page","link":"https:\/\/xenesy.com\/vi\/disclaimer\/","title":{"rendered":"DISCLAIMER"},"content":{"rendered":"<div data-elementor-type=\"wp-page\" data-elementor-id=\"17999\" class=\"elementor elementor-17999\" data-elementor-post-type=\"page\">\n\t\t\t\t\t\t<section class=\"elementor-section elementor-top-section elementor-element elementor-element-cbebee8 animated-slow elementor-section-boxed elementor-section-height-default elementor-section-height-default elementor-invisible\" data-id=\"cbebee8\" data-element_type=\"section\" data-e-type=\"section\" data-settings=\"{&quot;background_background&quot;:&quot;classic&quot;,&quot;animation&quot;:&quot;fadeIn&quot;}\">\n\t\t\t\t\t\t<div class=\"elementor-container elementor-column-gap-default\">\n\t\t\t\t\t<div class=\"elementor-column elementor-col-100 elementor-top-column elementor-element elementor-element-c6b567a\" data-id=\"c6b567a\" data-element_type=\"column\" data-e-type=\"column\">\n\t\t\t<div class=\"elementor-widget-wrap elementor-element-populated\">\n\t\t\t\t\t\t<div class=\"elementor-element elementor-element-e49c35d elementor-widget elementor-widget-menu-anchor\" data-id=\"e49c35d\" data-element_type=\"widget\" data-e-type=\"widget\" data-widget_type=\"menu-anchor.default\">\n\t\t\t\t<div class=\"elementor-widget-container\">\n\t\t\t\t\t\t\t<div class=\"elementor-menu-anchor\" id=\"haut\"><\/div>\n\t\t\t\t\t\t<\/div>\n\t\t\t\t<\/div>\n\t\t\t\t<div class=\"elementor-element elementor-element-27aabc0 elementor-align-right elementor-fixed elementor-widget elementor-widget-button\" data-id=\"27aabc0\" data-element_type=\"widget\" data-e-type=\"widget\" data-settings=\"{&quot;_position&quot;:&quot;fixed&quot;}\" data-widget_type=\"button.default\">\n\t\t\t\t<div class=\"elementor-widget-container\">\n\t\t\t\t\t\t\t\t\t<div class=\"elementor-button-wrapper\">\n\t\t\t\t\t<a class=\"elementor-button elementor-button-link elementor-size-sm\" href=\"#haut\">\n\t\t\t\t\t\t<span class=\"elementor-button-content-wrapper\">\n\t\t\t\t\t\t<span class=\"elementor-button-icon\">\n\t\t\t\t<i aria-hidden=\"true\" class=\"fas fa-long-arrow-alt-up\"><\/i>\t\t\t<\/span>\n\t\t\t\t\t\t\t\t<\/span>\n\t\t\t\t\t<\/a>\n\t\t\t\t<\/div>\n\t\t\t\t\t\t\t\t<\/div>\n\t\t\t\t<\/div>\n\t\t\t\t<div class=\"elementor-element elementor-element-f813687 elementor-view-default elementor-widget elementor-widget-icon\" data-id=\"f813687\" data-element_type=\"widget\" data-e-type=\"widget\" data-widget_type=\"icon.default\">\n\t\t\t\t<div class=\"elementor-widget-container\">\n\t\t\t\t\t\t\t<div class=\"elementor-icon-wrapper\">\n\t\t\t<div class=\"elementor-icon\">\n\t\t\t<i aria-hidden=\"true\" class=\"fas fa-ellipsis-h\"><\/i>\t\t\t<\/div>\n\t\t<\/div>\n\t\t\t\t\t\t<\/div>\n\t\t\t\t<\/div>\n\t\t\t\t<div class=\"elementor-element elementor-element-d7ff8e1 elementor-widget elementor-widget-heading\" data-id=\"d7ff8e1\" data-element_type=\"widget\" data-e-type=\"widget\" data-widget_type=\"heading.default\">\n\t\t\t\t<div class=\"elementor-widget-container\">\n\t\t\t\t\t<h1 class=\"elementor-heading-title elementor-size-default\">disclaimer<\/h1>\t\t\t\t<\/div>\n\t\t\t\t<\/div>\n\t\t\t\t<div class=\"elementor-element elementor-element-6de81c8 elementor-widget-divider--view-line elementor-widget elementor-widget-divider\" data-id=\"6de81c8\" data-element_type=\"widget\" data-e-type=\"widget\" data-widget_type=\"divider.default\">\n\t\t\t\t<div class=\"elementor-widget-container\">\n\t\t\t\t\t\t\t<div class=\"elementor-divider\">\n\t\t\t<span class=\"elementor-divider-separator\">\n\t\t\t\t\t\t<\/span>\n\t\t<\/div>\n\t\t\t\t\t\t<\/div>\n\t\t\t\t<\/div>\n\t\t\t\t<div class=\"elementor-element elementor-element-4d84be8 elementor-widget elementor-widget-text-editor\" data-id=\"4d84be8\" data-element_type=\"widget\" data-e-type=\"widget\" data-widget_type=\"text-editor.default\">\n\t\t\t\t<div class=\"elementor-widget-container\">\n\t\t\t\t\t\t\t\t\t<p>Le site formationtradingforex.com, xenesy.com et xenesyproject.com sont des plateformes d\u00e9di\u00e9es \u00e0 l\u2019\u00e9ducation financi\u00e8re. Nous proposons des formations en ligne sur le trading, destin\u00e9es uniquement \u00e0 fournir des connaissances th\u00e9oriques et pratiques sur les march\u00e9s financiers.<\/p><p>Nous ne sommes pas un courtier, un conseiller financier, ni un prestataire de services financiers r\u00e9glement\u00e9s. Nous n\u2019offrons aucun service de gestion de fonds, de recommandations personnalis\u00e9es, ou d\u2019investissement.<\/p><p>Le trading comporte des risques importants, y compris la possibilit\u00e9 de perdre tout ou une partie de votre capital. Les r\u00e9sultats pass\u00e9s ou les performances pr\u00e9sent\u00e9es dans nos formations ne garantissent pas des r\u00e9sultats futurs. Avant toute d\u00e9cision, il est de votre responsabilit\u00e9 de bien comprendre les risques et, si n\u00e9cessaire, de consulter un conseiller financier ind\u00e9pendant.<\/p>\t\t\t\t\t\t\t\t<\/div>\n\t\t\t\t<\/div>\n\t\t\t\t\t<\/div>\n\t\t<\/div>\n\t\t\t\t\t<\/div>\n\t\t<\/section>\n\t\t\t\t<section class=\"elementor-section elementor-top-section elementor-element elementor-element-a573ca2 elementor-section-boxed elementor-section-height-default elementor-section-height-default\" data-id=\"a573ca2\" data-element_type=\"section\" data-e-type=\"section\" data-settings=\"{&quot;background_background&quot;:&quot;classic&quot;}\">\n\t\t\t\t\t\t<div class=\"elementor-container elementor-column-gap-default\">\n\t\t\t\t\t<div class=\"elementor-column elementor-col-100 elementor-top-column elementor-element elementor-element-e06c49b\" data-id=\"e06c49b\" data-element_type=\"column\" data-e-type=\"column\">\n\t\t\t<div class=\"elementor-widget-wrap elementor-element-populated\">\n\t\t\t\t\t\t<div class=\"elementor-element elementor-element-f1ab196 elementor-widget elementor-widget-text-editor\" data-id=\"f1ab196\" data-element_type=\"widget\" data-e-type=\"widget\" data-widget_type=\"text-editor.default\">\n\t\t\t\t<div class=\"elementor-widget-container\">\n\t\t\t\t\t\t\t\t\t<p>\u00a9 2020 &#8211; 2025 XENESY LTD &#8211; Tous droits r\u00e9serv\u00e9s<\/p>\t\t\t\t\t\t\t\t<\/div>\n\t\t\t\t<\/div>\n\t\t\t\t\t<\/div>\n\t\t<\/div>\n\t\t\t\t\t<\/div>\n\t\t<\/section>\n\t\t\t\t<\/div>","protected":false},"excerpt":{"rendered":"<p>disclaimer Le site formationtradingforex.com, xenesy.com et xenesyproject.com sont des plateformes d\u00e9di\u00e9es \u00e0 l\u2019\u00e9ducation financi\u00e8re. Nous proposons des formations en ligne sur le trading, destin\u00e9es uniquement \u00e0 fournir des connaissances th\u00e9oriques et pratiques sur les march\u00e9s financiers. Nous ne sommes pas un courtier, un conseiller financier, ni un prestataire de services financiers r\u00e9glement\u00e9s. Nous n\u2019offrons aucun [&hellip;]<\/p>","protected":false},"author":1,"featured_media":0,"parent":0,"menu_order":0,"comment_status":"closed","ping_status":"closed","template":"elementor_canvas","meta":{"footnotes":""},"class_list":["post-17999","page","type-page","status-publish","hentry"],"_links":{"self":[{"href":"https:\/\/xenesy.com\/vi\/wp-json\/wp\/v2\/pages\/17999","targetHints":{"allow":["GET"]}}],"collection":[{"href":"https:\/\/xenesy.com\/vi\/wp-json\/wp\/v2\/pages"}],"about":[{"href":"https:\/\/xenesy.com\/vi\/wp-json\/wp\/v2\/types\/page"}],"author":[{"embeddable":true,"href":"https:\/\/xenesy.com\/vi\/wp-json\/wp\/v2\/users\/1"}],"replies":[{"embeddable":true,"href":"https:\/\/xenesy.com\/vi\/wp-json\/wp\/v2\/comments?post=17999"}],"version-history":[{"count":0,"href":"https:\/\/xenesy.com\/vi\/wp-json\/wp\/v2\/pages\/17999\/revisions"}],"wp:attachment":[{"href":"https:\/\/xenesy.com\/vi\/wp-json\/wp\/v2\/media?parent=17999"}],"curies":[{"name":"wp","href":"https:\/\/api.w.org\/{rel}","templated":true}]}}