{"id":212,"date":"2021-05-30T13:03:19","date_gmt":"2021-05-30T11:03:19","guid":{"rendered":"https:\/\/www.xenesy.com\/?page_id=212"},"modified":"2026-02-08T17:13:18","modified_gmt":"2026-02-08T16:13:18","slug":"clause-de-non-responsabilite","status":"publish","type":"page","link":"https:\/\/xenesy.com\/vi\/clause-de-non-responsabilite\/","title":{"rendered":"Clause de non responsabilit\u00e9"},"content":{"rendered":"<div data-elementor-type=\"wp-page\" data-elementor-id=\"212\" class=\"elementor elementor-212\" data-elementor-post-type=\"page\">\n\t\t\t\t\t\t<section class=\"elementor-section elementor-top-section elementor-element elementor-element-09a26fb animated-slow elementor-section-items-top elementor-section-height-full elementor-section-boxed elementor-section-height-default elementor-invisible\" data-id=\"09a26fb\" data-element_type=\"section\" data-e-type=\"section\" data-settings=\"{&quot;background_background&quot;:&quot;classic&quot;,&quot;animation&quot;:&quot;fadeIn&quot;}\">\n\t\t\t\t\t\t<div class=\"elementor-container elementor-column-gap-default\">\n\t\t\t\t\t<div class=\"elementor-column elementor-col-100 elementor-top-column elementor-element elementor-element-7b00473\" data-id=\"7b00473\" data-element_type=\"column\" data-e-type=\"column\">\n\t\t\t<div class=\"elementor-widget-wrap elementor-element-populated\">\n\t\t\t\t\t\t<div class=\"elementor-element elementor-element-3304374 elementor-widget elementor-widget-menu-anchor\" data-id=\"3304374\" data-element_type=\"widget\" data-e-type=\"widget\" data-widget_type=\"menu-anchor.default\">\n\t\t\t\t<div class=\"elementor-widget-container\">\n\t\t\t\t\t\t\t<div class=\"elementor-menu-anchor\" id=\"haut\"><\/div>\n\t\t\t\t\t\t<\/div>\n\t\t\t\t<\/div>\n\t\t\t\t<div class=\"elementor-element elementor-element-973a32d elementor-align-right elementor-fixed elementor-widget elementor-widget-button\" data-id=\"973a32d\" data-element_type=\"widget\" data-e-type=\"widget\" data-settings=\"{&quot;_position&quot;:&quot;fixed&quot;}\" data-widget_type=\"button.default\">\n\t\t\t\t<div class=\"elementor-widget-container\">\n\t\t\t\t\t\t\t\t\t<div class=\"elementor-button-wrapper\">\n\t\t\t\t\t<a class=\"elementor-button elementor-button-link elementor-size-sm\" href=\"#haut\">\n\t\t\t\t\t\t<span class=\"elementor-button-content-wrapper\">\n\t\t\t\t\t\t<span class=\"elementor-button-icon\">\n\t\t\t\t<i aria-hidden=\"true\" class=\"fas fa-long-arrow-alt-up\"><\/i>\t\t\t<\/span>\n\t\t\t\t\t\t\t\t<\/span>\n\t\t\t\t\t<\/a>\n\t\t\t\t<\/div>\n\t\t\t\t\t\t\t\t<\/div>\n\t\t\t\t<\/div>\n\t\t\t\t<div class=\"elementor-element elementor-element-6c5adde elementor-view-default elementor-widget elementor-widget-icon\" data-id=\"6c5adde\" data-element_type=\"widget\" data-e-type=\"widget\" data-widget_type=\"icon.default\">\n\t\t\t\t<div class=\"elementor-widget-container\">\n\t\t\t\t\t\t\t<div class=\"elementor-icon-wrapper\">\n\t\t\t<div class=\"elementor-icon\">\n\t\t\t<i aria-hidden=\"true\" class=\"fas fa-ellipsis-h\"><\/i>\t\t\t<\/div>\n\t\t<\/div>\n\t\t\t\t\t\t<\/div>\n\t\t\t\t<\/div>\n\t\t\t\t<div class=\"elementor-element elementor-element-558e743 elementor-widget elementor-widget-heading\" data-id=\"558e743\" data-element_type=\"widget\" data-e-type=\"widget\" data-widget_type=\"heading.default\">\n\t\t\t\t<div class=\"elementor-widget-container\">\n\t\t\t\t\t<h1 class=\"elementor-heading-title elementor-size-default\">Clause de non responsabilit\u00e9 <\/h1>\t\t\t\t<\/div>\n\t\t\t\t<\/div>\n\t\t\t\t<div class=\"elementor-element elementor-element-185c900 elementor-widget-divider--view-line elementor-widget elementor-widget-divider\" data-id=\"185c900\" data-element_type=\"widget\" data-e-type=\"widget\" data-widget_type=\"divider.default\">\n\t\t\t\t<div class=\"elementor-widget-container\">\n\t\t\t\t\t\t\t<div class=\"elementor-divider\">\n\t\t\t<span class=\"elementor-divider-separator\">\n\t\t\t\t\t\t<\/span>\n\t\t<\/div>\n\t\t\t\t\t\t<\/div>\n\t\t\t\t<\/div>\n\t\t\t\t<div class=\"elementor-element elementor-element-06c311a elementor-widget elementor-widget-text-editor\" data-id=\"06c311a\" data-element_type=\"widget\" data-e-type=\"widget\" data-widget_type=\"text-editor.default\">\n\t\t\t\t<div class=\"elementor-widget-container\">\n\t\t\t\t\t\t\t\t\t<p>La soci\u00e9t\u00e9 XENESY Limited ne peut et ne fait aucune garantie quant \u00e0 votre capacit\u00e9 \u00e0 obtenir des r\u00e9sultats avec nos formations, id\u00e9es, informations, outils ou strat\u00e9gies.<\/p><p>Ce que nous pouvons garantir, c&rsquo;est votre satisfaction \u00e0 l&rsquo;\u00e9gard de nos formations. Vous devez savoir que tous les produits et services de notre soci\u00e9t\u00e9 sont uniquement \u00e0 des fins \u00e9ducatives et informatives.<\/p><p>Rien sur cette page, aucun de nos sites Web, ni aucun de nos contenus ou programmes n&rsquo;est une promesse ou une garantie de r\u00e9sultats, et nous n&rsquo;offrons aucun conseil juridique, m\u00e9dical, fiscal ou autre.<\/p><p>Vous seul \u00eates responsable et responsable de vos d\u00e9cisions, actions et r\u00e9sultats dans la vie, et par votre inscription ici, vous acceptez de ne pas tenter de nous tenir responsables de vos d\u00e9cisions, actions ou r\u00e9sultats, \u00e0 tout moment, en toute circonstance.<\/p>\t\t\t\t\t\t\t\t<\/div>\n\t\t\t\t<\/div>\n\t\t\t\t\t<\/div>\n\t\t<\/div>\n\t\t\t\t\t<\/div>\n\t\t<\/section>\n\t\t\t\t<section class=\"elementor-section elementor-top-section elementor-element elementor-element-97751c4 elementor-section-boxed elementor-section-height-default elementor-section-height-default\" data-id=\"97751c4\" data-element_type=\"section\" data-e-type=\"section\" data-settings=\"{&quot;background_background&quot;:&quot;classic&quot;}\">\n\t\t\t\t\t\t<div class=\"elementor-container elementor-column-gap-default\">\n\t\t\t\t\t<div class=\"elementor-column elementor-col-100 elementor-top-column elementor-element elementor-element-0ad2f20\" data-id=\"0ad2f20\" data-element_type=\"column\" data-e-type=\"column\">\n\t\t\t<div class=\"elementor-widget-wrap elementor-element-populated\">\n\t\t\t\t\t\t<div class=\"elementor-element elementor-element-ee1bc6e elementor-widget elementor-widget-text-editor\" data-id=\"ee1bc6e\" data-element_type=\"widget\" data-e-type=\"widget\" data-widget_type=\"text-editor.default\">\n\t\t\t\t<div class=\"elementor-widget-container\">\n\t\t\t\t\t\t\t\t\t<p>\u00a9 2020 &#8211; 2026 XENESY LTD &#8211; Tous droits r\u00e9serv\u00e9s<\/p>\t\t\t\t\t\t\t\t<\/div>\n\t\t\t\t<\/div>\n\t\t\t\t\t<\/div>\n\t\t<\/div>\n\t\t\t\t\t<\/div>\n\t\t<\/section>\n\t\t\t\t<\/div>","protected":false},"excerpt":{"rendered":"<p>Clause de non responsabilit\u00e9 La soci\u00e9t\u00e9 XENESY Limited ne peut et ne fait aucune garantie quant \u00e0 votre capacit\u00e9 \u00e0 obtenir des r\u00e9sultats avec nos formations, id\u00e9es, informations, outils ou strat\u00e9gies. Ce que nous pouvons garantir, c&rsquo;est votre satisfaction \u00e0 l&rsquo;\u00e9gard de nos formations. Vous devez savoir que tous les produits et services de notre [&hellip;]<\/p>","protected":false},"author":1,"featured_media":11760,"parent":0,"menu_order":22,"comment_status":"closed","ping_status":"closed","template":"elementor_canvas","meta":{"footnotes":""},"class_list":["post-212","page","type-page","status-publish","has-post-thumbnail","hentry"],"_links":{"self":[{"href":"https:\/\/xenesy.com\/vi\/wp-json\/wp\/v2\/pages\/212","targetHints":{"allow":["GET"]}}],"collection":[{"href":"https:\/\/xenesy.com\/vi\/wp-json\/wp\/v2\/pages"}],"about":[{"href":"https:\/\/xenesy.com\/vi\/wp-json\/wp\/v2\/types\/page"}],"author":[{"embeddable":true,"href":"https:\/\/xenesy.com\/vi\/wp-json\/wp\/v2\/users\/1"}],"replies":[{"embeddable":true,"href":"https:\/\/xenesy.com\/vi\/wp-json\/wp\/v2\/comments?post=212"}],"version-history":[{"count":3,"href":"https:\/\/xenesy.com\/vi\/wp-json\/wp\/v2\/pages\/212\/revisions"}],"predecessor-version":[{"id":18399,"href":"https:\/\/xenesy.com\/vi\/wp-json\/wp\/v2\/pages\/212\/revisions\/18399"}],"wp:featuredmedia":[{"embeddable":true,"href":"https:\/\/xenesy.com\/vi\/wp-json\/wp\/v2\/media\/11760"}],"wp:attachment":[{"href":"https:\/\/xenesy.com\/vi\/wp-json\/wp\/v2\/media?parent=212"}],"curies":[{"name":"wp","href":"https:\/\/api.w.org\/{rel}","templated":true}]}}